{"id":1405,"date":"2025-02-04T17:24:37","date_gmt":"2025-02-04T17:24:37","guid":{"rendered":"https:\/\/didacttia.cl\/?page_id=1405"},"modified":"2025-02-15T15:29:39","modified_gmt":"2025-02-15T15:29:39","slug":"actividades","status":"publish","type":"page","link":"https:\/\/didacttia.cl\/index.php\/actividades\/","title":{"rendered":"Actividades"},"content":{"rendered":"\n<p>Nuestro equipo se dedica a realizar actividades para la prevenci\u00f3n del deterioro cognitivo en personas mayores, as\u00ed como tambi\u00e9n de estimulaci\u00f3n neurocognitiva  en personas mayores con trastornos neurdegenerativos y\/o psiqui\u00e1tricos tales como demencias, deterioro cognitivo leve, depresi\u00f3n, esquizofrenia, TAB, entre otros. Para ello se llevan a cabo las observaciones y evaluaciones necesarias para un diagn\u00f3stico global del estado cognitivo de la persona mayor, en base a lo cual se dise\u00f1an y planifican las actividades.<\/p>\n\n\n<div class=\"wp-block-image\">\n<figure class=\"aligncenter\"><img loading=\"lazy\" decoding=\"async\" width=\"300\" height=\"200\" src=\"http:\/\/didacttia.cl\/wp-content\/uploads\/2025\/01\/Persona-mayor-Didacttia1-300x200.jpg\" alt=\"\" class=\"wp-image-1306\" srcset=\"https:\/\/didacttia.cl\/wp-content\/uploads\/2025\/01\/Persona-mayor-Didacttia1-300x200.jpg 300w, https:\/\/didacttia.cl\/wp-content\/uploads\/2025\/01\/Persona-mayor-Didacttia1-1024x682.jpg 1024w, https:\/\/didacttia.cl\/wp-content\/uploads\/2025\/01\/Persona-mayor-Didacttia1-768x512.jpg 768w, https:\/\/didacttia.cl\/wp-content\/uploads\/2025\/01\/Persona-mayor-Didacttia1-1536x1023.jpg 1536w, https:\/\/didacttia.cl\/wp-content\/uploads\/2025\/01\/Persona-mayor-Didacttia1.jpg 1600w\" sizes=\"(max-width: 300px) 100vw, 300px\" \/><\/figure><\/div>\n\n\n<p><strong>Objetivos generales:<\/strong><\/p>\n\n\n\n<ul>\n<li>Potenciar la cognici\u00f3n de la persona mayor.<\/li>\n\n\n\n<li>Mejorar la autonom\u00eda de la persona mayor.<\/li>\n\n\n\n<li>Desarrollar estrategias de comunicaci\u00f3n con la persona mayor que permitan potenciar sus aprendizajes.<\/li>\n\n\n\n<li>Conectar a la persona mayor con su entorno y familia.&nbsp;<\/li>\n<\/ul>\n\n\n<div class=\"wp-block-image\">\n<figure class=\"alignleft\"><img loading=\"lazy\" decoding=\"async\" width=\"186\" height=\"300\" src=\"http:\/\/didacttia.cl\/wp-content\/uploads\/2025\/01\/Persona-mayor-Didacttia3-186x300.jpg\" alt=\"\" class=\"wp-image-1307\" srcset=\"https:\/\/didacttia.cl\/wp-content\/uploads\/2025\/01\/Persona-mayor-Didacttia3-186x300.jpg 186w, https:\/\/didacttia.cl\/wp-content\/uploads\/2025\/01\/Persona-mayor-Didacttia3-635x1024.jpg 635w, https:\/\/didacttia.cl\/wp-content\/uploads\/2025\/01\/Persona-mayor-Didacttia3-768x1239.jpg 768w, https:\/\/didacttia.cl\/wp-content\/uploads\/2025\/01\/Persona-mayor-Didacttia3-952x1536.jpg 952w, https:\/\/didacttia.cl\/wp-content\/uploads\/2025\/01\/Persona-mayor-Didacttia3.jpg 992w\" sizes=\"(max-width: 186px) 100vw, 186px\" \/><\/figure><\/div>\n\n\n<p><strong>Objetivos espec\u00edficos:<\/strong><\/p>\n\n\n\n<ul>\n<li>Potenciar cognitiva y emocionalmente a la persona mayor a trav\u00e9s de estrategias y metodolog\u00edas educativas apoyadas en la m\u00e1s reciente investigaci\u00f3n neurocient\u00edfica.<\/li>\n\n\n\n<li>Fomentar el desarrollo personal de la persona mayor por medio&nbsp; de actividades l\u00fadicas e interactivas.<\/li>\n\n\n\n<li>Entregar herramientas e informaci\u00f3n a las familias y cuidadores para apoyar las estrategias de cuidado y atenci\u00f3n de la persona mayor.<\/li>\n\n\n\n<li>Desarrollar estrategias para mejorar el entorno de la persona mayor.<\/li>\n\n\n\n<li>Desarrollar estrategias basadas en la enacci\u00f3n (comprensi\u00f3n basada en la acci\u00f3n).<\/li>\n\n\n\n<li>Realizar un diagn\u00f3stico comparativo entre la biograf\u00eda de la persona mayor y su realidad actual (basado en el Modelo de Atenci\u00f3n Centrado en la Persona).<\/li>\n\n\n\n<li>Desarrollar hip\u00f3tesis peri\u00f3dicas para orientar soluciones a problemas cotidianos y desarrollo de investigaci\u00f3n en torno a la patolog\u00eda y sus alcances.<\/li>\n<\/ul>\n\n\n\n<p><strong>M\u00e9todo:<\/strong><\/p>\n\n\n\n<p>Did\u00e1ctico, multiprop\u00f3sito y multidisciplinar.<\/p>\n","protected":false},"excerpt":{"rendered":"<p>Nuestro equipo se dedica a realizar actividades para la prevenci\u00f3n del deterioro cognitivo en personas mayores, as\u00ed como tambi\u00e9n de estimulaci\u00f3n neurocognitiva en personas mayores con trastornos neurdegenerativos y\/o psiqui\u00e1tricos tales como demencias, deterioro cognitivo leve, depresi\u00f3n, esquizofrenia, TAB, entre &hellip; <a href=\"https:\/\/didacttia.cl\/index.php\/actividades\/\">Continuar leyendo <span class=\"meta-nav\">&rarr;<\/span><\/a><\/p>\n","protected":false},"author":1,"featured_media":0,"parent":0,"menu_order":4,"comment_status":"closed","ping_status":"closed","template":"","meta":{"footnotes":""},"_links":{"self":[{"href":"https:\/\/didacttia.cl\/index.php\/wp-json\/wp\/v2\/pages\/1405"}],"collection":[{"href":"https:\/\/didacttia.cl\/index.php\/wp-json\/wp\/v2\/pages"}],"about":[{"href":"https:\/\/didacttia.cl\/index.php\/wp-json\/wp\/v2\/types\/page"}],"author":[{"embeddable":true,"href":"https:\/\/didacttia.cl\/index.php\/wp-json\/wp\/v2\/users\/1"}],"replies":[{"embeddable":true,"href":"https:\/\/didacttia.cl\/index.php\/wp-json\/wp\/v2\/comments?post=1405"}],"version-history":[{"count":8,"href":"https:\/\/didacttia.cl\/index.php\/wp-json\/wp\/v2\/pages\/1405\/revisions"}],"predecessor-version":[{"id":1590,"href":"https:\/\/didacttia.cl\/index.php\/wp-json\/wp\/v2\/pages\/1405\/revisions\/1590"}],"wp:attachment":[{"href":"https:\/\/didacttia.cl\/index.php\/wp-json\/wp\/v2\/media?parent=1405"}],"curies":[{"name":"wp","href":"https:\/\/api.w.org\/{rel}","templated":true}]}}