{"id":1441,"date":"2025-02-04T21:16:07","date_gmt":"2025-02-04T21:16:07","guid":{"rendered":"https:\/\/didacttia.cl\/?page_id=1441"},"modified":"2025-08-11T20:30:42","modified_gmt":"2025-08-11T20:30:42","slug":"manejo-defensivo","status":"publish","type":"page","link":"https:\/\/didacttia.cl\/index.php\/manejo-defensivo\/","title":{"rendered":"Manejo Defensivo"},"content":{"rendered":"\n<p><strong>Curso de Manejo Defensivo para Personas Mayores<\/strong><br><br>Este curso tiene como objetivo capacitar a las&nbsp;Personas Mayores, sobre t\u00e9cnicas de manejo defensivo que les permitan optimizar su capacidad de atenci\u00f3n y seguridad en la conducci\u00f3n, considerando las posibles afecciones f\u00edsicas y\/o enfermedades cr\u00f3nicas que puedan influir sobre el rendimiento&nbsp; de sus capacidades sensoriales.<br><br><div id='gallery-1' class='gallery galleryid-1441 gallery-columns-3 gallery-size-full'><dl class='gallery-item'>\n\t\t\t<dt class='gallery-icon landscape'>\n\t\t\t\t<a href='https:\/\/didacttia.cl\/pareja-de-paseo\/'><img loading=\"lazy\" decoding=\"async\" width=\"5400\" height=\"3631\" src=\"https:\/\/didacttia.cl\/wp-content\/uploads\/2018\/10\/Pareja-de-paseo.jpg\" class=\"attachment-full size-full\" alt=\"\" srcset=\"https:\/\/didacttia.cl\/wp-content\/uploads\/2018\/10\/Pareja-de-paseo.jpg 5400w, https:\/\/didacttia.cl\/wp-content\/uploads\/2018\/10\/Pareja-de-paseo-300x202.jpg 300w, https:\/\/didacttia.cl\/wp-content\/uploads\/2018\/10\/Pareja-de-paseo-768x516.jpg 768w, https:\/\/didacttia.cl\/wp-content\/uploads\/2018\/10\/Pareja-de-paseo-1024x689.jpg 1024w\" sizes=\"(max-width: 5400px) 100vw, 5400px\" \/><\/a>\n\t\t\t<\/dt><\/dl><dl class='gallery-item'>\n\t\t\t<dt class='gallery-icon landscape'>\n\t\t\t\t<a href='https:\/\/didacttia.cl\/pareja-mayor-de-blanco-copia\/'><img loading=\"lazy\" decoding=\"async\" width=\"3765\" height=\"2525\" src=\"https:\/\/didacttia.cl\/wp-content\/uploads\/2018\/10\/Pareja-Mayor-de-Blanco-copia.jpeg\" class=\"attachment-full size-full\" alt=\"\" srcset=\"https:\/\/didacttia.cl\/wp-content\/uploads\/2018\/10\/Pareja-Mayor-de-Blanco-copia.jpeg 3765w, https:\/\/didacttia.cl\/wp-content\/uploads\/2018\/10\/Pareja-Mayor-de-Blanco-copia-300x201.jpeg 300w, https:\/\/didacttia.cl\/wp-content\/uploads\/2018\/10\/Pareja-Mayor-de-Blanco-copia-768x515.jpeg 768w, https:\/\/didacttia.cl\/wp-content\/uploads\/2018\/10\/Pareja-Mayor-de-Blanco-copia-1024x687.jpeg 1024w\" sizes=\"(max-width: 3765px) 100vw, 3765px\" \/><\/a>\n\t\t\t<\/dt><\/dl><dl class='gallery-item'>\n\t\t\t<dt class='gallery-icon landscape'>\n\t\t\t\t<a href='https:\/\/didacttia.cl\/persona-mayor-manejando\/'><img loading=\"lazy\" decoding=\"async\" width=\"5971\" height=\"3981\" src=\"https:\/\/didacttia.cl\/wp-content\/uploads\/2018\/10\/Persona-mayor-manejando.jpg\" class=\"attachment-full size-full\" alt=\"\" srcset=\"https:\/\/didacttia.cl\/wp-content\/uploads\/2018\/10\/Persona-mayor-manejando.jpg 5971w, https:\/\/didacttia.cl\/wp-content\/uploads\/2018\/10\/Persona-mayor-manejando-300x200.jpg 300w, https:\/\/didacttia.cl\/wp-content\/uploads\/2018\/10\/Persona-mayor-manejando-768x512.jpg 768w, https:\/\/didacttia.cl\/wp-content\/uploads\/2018\/10\/Persona-mayor-manejando-1024x683.jpg 1024w\" sizes=\"(max-width: 5971px) 100vw, 5971px\" \/><\/a>\n\t\t\t<\/dt><\/dl><br style=\"clear: both\" \/>\n\t\t<\/div>\nEsta capacitaci\u00f3n es realizada por el experto en manejo defensivo y Seguridad Vial, Sr. Walter Joseph, actual Director y Gerente General de la consultora l\u00edder en Seguridad Vial TRAMTEC.<br><br><div id='gallery-2' class='gallery galleryid-1441 gallery-columns-2 gallery-size-full'><dl class='gallery-item'>\n\t\t\t<dt class='gallery-icon landscape'>\n\t\t\t\t<a href='https:\/\/didacttia.cl\/manejo-defensivo-colbun-2\/'><img loading=\"lazy\" decoding=\"async\" width=\"4120\" height=\"2966\" src=\"https:\/\/didacttia.cl\/wp-content\/uploads\/2018\/10\/Manejo-Defensivo-Colbu\u0301n-1.jpg\" class=\"attachment-full size-full\" alt=\"\" aria-describedby=\"gallery-2-405\" srcset=\"https:\/\/didacttia.cl\/wp-content\/uploads\/2018\/10\/Manejo-Defensivo-Colbu\u0301n-1.jpg 4120w, https:\/\/didacttia.cl\/wp-content\/uploads\/2018\/10\/Manejo-Defensivo-Colbu\u0301n-1-300x216.jpg 300w, https:\/\/didacttia.cl\/wp-content\/uploads\/2018\/10\/Manejo-Defensivo-Colbu\u0301n-1-768x553.jpg 768w, https:\/\/didacttia.cl\/wp-content\/uploads\/2018\/10\/Manejo-Defensivo-Colbu\u0301n-1-1024x737.jpg 1024w\" sizes=\"(max-width: 4120px) 100vw, 4120px\" \/><\/a>\n\t\t\t<\/dt>\n\t\t\t\t<dd class='wp-caption-text gallery-caption' id='gallery-2-405'>\n\t\t\t\tCurso de Manejo Defensivo en Central Colb\u00fan, Coronel.\n\t\t\t\t<\/dd><\/dl><dl class='gallery-item'>\n\t\t\t<dt class='gallery-icon landscape'>\n\t\t\t\t<a href='https:\/\/didacttia.cl\/curso-practico-manejo-colbun-3\/'><img loading=\"lazy\" decoding=\"async\" width=\"4017\" height=\"2875\" src=\"https:\/\/didacttia.cl\/wp-content\/uploads\/2018\/10\/Curso-Pra\u0301ctico-Manejo-Colbu\u0301n-2.jpg\" class=\"attachment-full size-full\" alt=\"\" aria-describedby=\"gallery-2-420\" srcset=\"https:\/\/didacttia.cl\/wp-content\/uploads\/2018\/10\/Curso-Pra\u0301ctico-Manejo-Colbu\u0301n-2.jpg 4017w, https:\/\/didacttia.cl\/wp-content\/uploads\/2018\/10\/Curso-Pra\u0301ctico-Manejo-Colbu\u0301n-2-300x215.jpg 300w, https:\/\/didacttia.cl\/wp-content\/uploads\/2018\/10\/Curso-Pra\u0301ctico-Manejo-Colbu\u0301n-2-768x550.jpg 768w, https:\/\/didacttia.cl\/wp-content\/uploads\/2018\/10\/Curso-Pra\u0301ctico-Manejo-Colbu\u0301n-2-1024x733.jpg 1024w\" sizes=\"(max-width: 4017px) 100vw, 4017px\" \/><\/a>\n\t\t\t<\/dt>\n\t\t\t\t<dd class='wp-caption-text gallery-caption' id='gallery-2-420'>\n\t\t\t\tCurso de Manejo Defensivo en Central Colb\u00fan, Colb\u00fan.\n\t\t\t\t<\/dd><\/dl><br style=\"clear: both\" \/>\n\t\t<\/div>\nEste curso es realizado en un formato te\u00f3rico-pr\u00e1ctico, especialmente dise\u00f1ado para personas de Tercera Edad, con una din\u00e1mica did\u00e1ctica y novedosa, que permita a las Personas Mayores atender y aprender con mayor facilidad los conceptos de una conducci\u00f3n segura.<br><\/p>\n\n\n\n<p><strong><mark style=\"background-color:rgba(0, 0, 0, 0);color:#aa4021\" class=\"has-inline-color\">U GOT 2 DRIVE<\/mark><\/strong><\/p>\n\n\n\n<p>UGOT2DRIVE es un juego de mesa, dise\u00f1ado por el ingeniero civil estructural y dise\u00f1ador industrial, Water Joseph, para ense\u00f1ar y practicar t\u00e9cnicas de manejo defensivo, en una forma atractiva y entretenida, creado para personas, instituciones y empresas que tengan inter\u00e9s en aprender c\u00f3mo evitar accidentes de tr\u00e1nsito.<\/p>\n\n\n\n<p>El juego forma parte del Curso de Manejo Defensivo para personas mayores.<\/p>\n\n\n","protected":false},"excerpt":{"rendered":"<p>Curso de Manejo Defensivo para Personas Mayores Este curso tiene como objetivo capacitar a las&nbsp;Personas Mayores, sobre t\u00e9cnicas de manejo defensivo que les permitan optimizar su capacidad de atenci\u00f3n y seguridad en la conducci\u00f3n, considerando las posibles afecciones f\u00edsicas y\/o &hellip; <a href=\"https:\/\/didacttia.cl\/index.php\/manejo-defensivo\/\">Continuar leyendo <span class=\"meta-nav\">&rarr;<\/span><\/a><\/p>\n","protected":false},"author":1,"featured_media":0,"parent":0,"menu_order":7,"comment_status":"closed","ping_status":"closed","template":"","meta":{"footnotes":""},"_links":{"self":[{"href":"https:\/\/didacttia.cl\/index.php\/wp-json\/wp\/v2\/pages\/1441"}],"collection":[{"href":"https:\/\/didacttia.cl\/index.php\/wp-json\/wp\/v2\/pages"}],"about":[{"href":"https:\/\/didacttia.cl\/index.php\/wp-json\/wp\/v2\/types\/page"}],"author":[{"embeddable":true,"href":"https:\/\/didacttia.cl\/index.php\/wp-json\/wp\/v2\/users\/1"}],"replies":[{"embeddable":true,"href":"https:\/\/didacttia.cl\/index.php\/wp-json\/wp\/v2\/comments?post=1441"}],"version-history":[{"count":10,"href":"https:\/\/didacttia.cl\/index.php\/wp-json\/wp\/v2\/pages\/1441\/revisions"}],"predecessor-version":[{"id":1613,"href":"https:\/\/didacttia.cl\/index.php\/wp-json\/wp\/v2\/pages\/1441\/revisions\/1613"}],"wp:attachment":[{"href":"https:\/\/didacttia.cl\/index.php\/wp-json\/wp\/v2\/media?parent=1441"}],"curies":[{"name":"wp","href":"https:\/\/api.w.org\/{rel}","templated":true}]}}