{"id":1451,"date":"2025-02-04T21:23:14","date_gmt":"2025-02-04T21:23:14","guid":{"rendered":"https:\/\/didacttia.cl\/?page_id=1451"},"modified":"2025-08-11T20:30:58","modified_gmt":"2025-08-11T20:30:58","slug":"manual-terapeutico-y-de-comunicacion-no-verbal","status":"publish","type":"page","link":"https:\/\/didacttia.cl\/index.php\/manual-terapeutico-y-de-comunicacion-no-verbal\/","title":{"rendered":"Manual terap\u00e9utico y CNV"},"content":{"rendered":"\n<p>Cuidar a una persona con Trastorno Neurocognitivo Leve o Mayor (DCL y Demencias) puede ser un desaf\u00edo. Por eso, hemos elaborado este manual de terapia y Comunicaci\u00f3n No Verbal (CNV). Una gu\u00eda pr\u00e1ctica y cercana para familias que buscan herramientas para comunicarse mejor y afrontar las dificultades conductuales que acompa\u00f1an a la enfermedad.<\/p>\n\n\n<div class=\"wp-block-image\">\n<figure class=\"aligncenter size-full\"><img loading=\"lazy\" decoding=\"async\" width=\"201\" height=\"300\" src=\"https:\/\/didacttia.cl\/wp-content\/uploads\/2025\/02\/MANUAL-TERAPE\u0301UTICO.png\" alt=\"\" class=\"wp-image-1453\"\/><\/figure><\/div>\n\n\n<p>Como manual de apoyo a las din\u00e1micas cognitivas del adulto mayor, est\u00e1 dise\u00f1ado para propiciar relaciones y ambientes c\u00e1lidos, que favorezcan su desarrollo y potenciaci\u00f3n cognitiva y emocional.<\/p>\n","protected":false},"excerpt":{"rendered":"<p>Cuidar a una persona con Trastorno Neurocognitivo Leve o Mayor (DCL y Demencias) puede ser un desaf\u00edo. Por eso, hemos elaborado este manual de terapia y Comunicaci\u00f3n No Verbal (CNV). Una gu\u00eda pr\u00e1ctica y cercana para familias que buscan herramientas &hellip; <a href=\"https:\/\/didacttia.cl\/index.php\/manual-terapeutico-y-de-comunicacion-no-verbal\/\">Continuar leyendo <span class=\"meta-nav\">&rarr;<\/span><\/a><\/p>\n","protected":false},"author":1,"featured_media":0,"parent":0,"menu_order":5,"comment_status":"closed","ping_status":"closed","template":"","meta":{"footnotes":""},"_links":{"self":[{"href":"https:\/\/didacttia.cl\/index.php\/wp-json\/wp\/v2\/pages\/1451"}],"collection":[{"href":"https:\/\/didacttia.cl\/index.php\/wp-json\/wp\/v2\/pages"}],"about":[{"href":"https:\/\/didacttia.cl\/index.php\/wp-json\/wp\/v2\/types\/page"}],"author":[{"embeddable":true,"href":"https:\/\/didacttia.cl\/index.php\/wp-json\/wp\/v2\/users\/1"}],"replies":[{"embeddable":true,"href":"https:\/\/didacttia.cl\/index.php\/wp-json\/wp\/v2\/comments?post=1451"}],"version-history":[{"count":12,"href":"https:\/\/didacttia.cl\/index.php\/wp-json\/wp\/v2\/pages\/1451\/revisions"}],"predecessor-version":[{"id":1533,"href":"https:\/\/didacttia.cl\/index.php\/wp-json\/wp\/v2\/pages\/1451\/revisions\/1533"}],"wp:attachment":[{"href":"https:\/\/didacttia.cl\/index.php\/wp-json\/wp\/v2\/media?parent=1451"}],"curies":[{"name":"wp","href":"https:\/\/api.w.org\/{rel}","templated":true}]}}