{"id":1611,"date":"2025-08-11T20:27:28","date_gmt":"2025-08-11T20:27:28","guid":{"rendered":"https:\/\/didacttia.cl\/?page_id=1611"},"modified":"2025-08-11T20:31:37","modified_gmt":"2025-08-11T20:31:37","slug":"artesanias","status":"publish","type":"page","link":"https:\/\/didacttia.cl\/index.php\/artesanias\/","title":{"rendered":"Artesan\u00edas"},"content":{"rendered":"\n<p>Descubre el mundo de la artesan\u00eda de la mano de <strong>Walter Joseph<\/strong>, un experto con una formaci\u00f3n tan diversa como su talento. Walter es <strong>ingeniero civil<\/strong>, <strong>m\u00e1ster en dise\u00f1o industrial<\/strong> y un <strong>artesano<\/strong> apasionado, una combinaci\u00f3n \u00fanica que le permite fusionar la precisi\u00f3n de la ingenier\u00eda con la creatividad del dise\u00f1o.<\/p>\n\n\n\n<p>En el taller de Walter Joseph, que se muestra en su cuenta de Instagram <strong>@wj_deco<\/strong>, aprender\u00e1s a transformar materiales comunes en piezas de arte \u00fanicas. Con su gu\u00eda, no solo desarrollar\u00e1s habilidades manuales, sino que tambi\u00e9n descubrir\u00e1s el placer de crear con tus propias manos. Sus creaciones, que combinan lo r\u00fastico con lo moderno, son un reflejo de su filosof\u00eda: la belleza se encuentra en los detalles y en el proceso de dar forma a una idea.<\/p>\n\n\n\n<p><a href=\"https:\/\/www.instagram.com\/wj_deco?igsh=MXFhdzJteHkxYjU4ZQ==\">https:\/\/www.instagram.com\/wj_deco?igsh=MXFhdzJteHkxYjU4ZQ==<\/a><\/p>\n","protected":false},"excerpt":{"rendered":"<p>Descubre el mundo de la artesan\u00eda de la mano de Walter Joseph, un experto con una formaci\u00f3n tan diversa como su talento. Walter es ingeniero civil, m\u00e1ster en dise\u00f1o industrial y un artesano apasionado, una combinaci\u00f3n \u00fanica que le permite &hellip; <a href=\"https:\/\/didacttia.cl\/index.php\/artesanias\/\">Continuar leyendo <span class=\"meta-nav\">&rarr;<\/span><\/a><\/p>\n","protected":false},"author":1,"featured_media":0,"parent":0,"menu_order":6,"comment_status":"closed","ping_status":"closed","template":"","meta":{"footnotes":""},"_links":{"self":[{"href":"https:\/\/didacttia.cl\/index.php\/wp-json\/wp\/v2\/pages\/1611"}],"collection":[{"href":"https:\/\/didacttia.cl\/index.php\/wp-json\/wp\/v2\/pages"}],"about":[{"href":"https:\/\/didacttia.cl\/index.php\/wp-json\/wp\/v2\/types\/page"}],"author":[{"embeddable":true,"href":"https:\/\/didacttia.cl\/index.php\/wp-json\/wp\/v2\/users\/1"}],"replies":[{"embeddable":true,"href":"https:\/\/didacttia.cl\/index.php\/wp-json\/wp\/v2\/comments?post=1611"}],"version-history":[{"count":1,"href":"https:\/\/didacttia.cl\/index.php\/wp-json\/wp\/v2\/pages\/1611\/revisions"}],"predecessor-version":[{"id":1612,"href":"https:\/\/didacttia.cl\/index.php\/wp-json\/wp\/v2\/pages\/1611\/revisions\/1612"}],"wp:attachment":[{"href":"https:\/\/didacttia.cl\/index.php\/wp-json\/wp\/v2\/media?parent=1611"}],"curies":[{"name":"wp","href":"https:\/\/api.w.org\/{rel}","templated":true}]}}