{"id":28,"date":"2018-03-08T00:40:16","date_gmt":"2018-03-08T00:40:16","guid":{"rendered":"http:\/\/didacttia.cl\/?page_id=28"},"modified":"2025-02-15T15:47:51","modified_gmt":"2025-02-15T15:47:51","slug":"nosotros","status":"publish","type":"page","link":"https:\/\/didacttia.cl\/index.php\/nosotros\/","title":{"rendered":"Nosotros"},"content":{"rendered":"<div class=\"wp-block-image\">\n<figure class=\"alignleft size-full is-resized\"><img loading=\"lazy\" decoding=\"async\" width=\"600\" height=\"640\" src=\"https:\/\/didacttia.cl\/wp-content\/uploads\/2023\/09\/LOGO-CONVENIOS-NVO-TRANSP600SH.jpg\" alt=\"\" class=\"wp-image-1262\" style=\"width:294px;height:314px\" srcset=\"https:\/\/didacttia.cl\/wp-content\/uploads\/2023\/09\/LOGO-CONVENIOS-NVO-TRANSP600SH.jpg 600w, https:\/\/didacttia.cl\/wp-content\/uploads\/2023\/09\/LOGO-CONVENIOS-NVO-TRANSP600SH-281x300.jpg 281w\" sizes=\"(max-width: 600px) 100vw, 600px\" \/><figcaption class=\"wp-element-caption\">Contamos con el Convenio Tarjeta Vecino Las Condes para que puedas acceder a sus beneficios!<\/figcaption><\/figure><\/div>\n\n<p class=\"p1\">En Didacttia, las personas mayores encuentran un espacio para fortalecer su cognici\u00f3n, elevar su autoestima y desarrollar su autoeficacia, elementos clave para una vida social activa y un bienestar emocional pleno.<\/p>\n<p>Nuestros programas de prevenci\u00f3n del deterioro cognitivo ofrecen t\u00e9cnicas y conocimientos actualizados, basados en los \u00faltimos avances de la neurociencia, psicolog\u00eda y filosof\u00eda de la mente, para promover un envejecimiento cerebral saludable.<\/p>\n<p class=\"p1\">A trav\u00e9s de actividades din\u00e1micas y participativas, nuestros programas proporcionan conocimientos clave sobre el funcionamiento cerebral y gu\u00edan en la estimulaci\u00f3n cognitiva personal. Buscamos conectar el aprendizaje con las experiencias personales y el entorno de las personas mayores, para que puedan aplicar los conocimientos de manera pr\u00e1ctica y significativa.<\/p>\n<p class=\"p1\">Nuestros materiales l\u00fadicos, dise\u00f1ados por expertos en neurociencia cognitiva, trastornos neurocognitivos y dise\u00f1o industrial, buscan facilitar el bienestar y la participaci\u00f3n activa de las personas mayores.<\/p>\n<p><strong>MISI\u00d3N<\/strong><\/p>\n<p class=\"p1\">Nuestra misi\u00f3n consiste en potenciar la cognici\u00f3n, la autoestima y la autoeficacia en las personas mayores por medio de cursos sobre el funcionamiento del cerebro y la mente as\u00ed como tambi\u00e9n el autoconocimiento de los procesos cognitivos subyacentes para un envejecimiento cerebral saludable.<span class=\"Apple-converted-space\">\u00a0<\/span><\/p>\n<p style=\"text-align: left;\"><strong><img loading=\"lazy\" decoding=\"async\" class=\"wp-image-1294 size-medium alignleft\" src=\"http:\/\/didacttia.cl\/wp-content\/uploads\/2025\/01\/Abrazo-de-adultos-mayores-1-300x207.jpg\" alt=\"\" width=\"300\" height=\"207\" srcset=\"https:\/\/didacttia.cl\/wp-content\/uploads\/2025\/01\/Abrazo-de-adultos-mayores-1-300x207.jpg 300w, https:\/\/didacttia.cl\/wp-content\/uploads\/2025\/01\/Abrazo-de-adultos-mayores-1-1024x707.jpg 1024w, https:\/\/didacttia.cl\/wp-content\/uploads\/2025\/01\/Abrazo-de-adultos-mayores-1-768x530.jpg 768w, https:\/\/didacttia.cl\/wp-content\/uploads\/2025\/01\/Abrazo-de-adultos-mayores-1-1536x1060.jpg 1536w, https:\/\/didacttia.cl\/wp-content\/uploads\/2025\/01\/Abrazo-de-adultos-mayores-1-2048x1413.jpg 2048w\" sizes=\"(max-width: 300px) 100vw, 300px\" \/>VISI\u00d3N<\/strong><\/p>\n<p><span class=\"JsGRdQ\">Nuestra visi\u00f3n consiste en mejorar la integraci\u00f3n social de las personas mayores, as\u00ed como el bienestar psico-afectivo tanto de ellos como el de sus familias.\u00a0<\/span><\/p>\n<p>&nbsp;<\/p>\n<h4><strong>VALORES<\/strong><\/h4>\n<p data-sourcepos=\"14:3-14:17\"><em><strong>Creemos en&#8230;<\/strong><\/em><\/p>\n<ul data-sourcepos=\"16:3-20:80\">\n<li data-sourcepos=\"16:3-16:70\">El poder del autoconocimiento para transformar vidas.<\/li>\n<li data-sourcepos=\"17:3-17:100\">La importancia de la autoestima y la autoeficacia para un envejecimiento activo y satisfactorio.<\/li>\n<li data-sourcepos=\"18:3-18:84\">El valor de la innovaci\u00f3n y la creatividad en el dise\u00f1o de nuestras actividades.<\/li>\n<li data-sourcepos=\"19:3-19:72\">El compromiso con la calidad y la excelencia en todo lo que hacemos.<\/li>\n<li data-sourcepos=\"20:3-20:80\">Un trato humano, cercano y personalizado para cada uno de nuestros usuarios.<\/li>\n<\/ul>\n\n\n<figure class=\"wp-block-image size-large\"><img loading=\"lazy\" decoding=\"async\" width=\"1024\" height=\"614\" src=\"http:\/\/didacttia.cl\/wp-content\/uploads\/2025\/02\/cropped-cropped-cropped-Santiago-Didacttia-1024x614.png\" alt=\"\" class=\"wp-image-1396\" srcset=\"https:\/\/didacttia.cl\/wp-content\/uploads\/2025\/02\/cropped-cropped-cropped-Santiago-Didacttia-1024x614.png 1024w, https:\/\/didacttia.cl\/wp-content\/uploads\/2025\/02\/cropped-cropped-cropped-Santiago-Didacttia-300x180.png 300w, https:\/\/didacttia.cl\/wp-content\/uploads\/2025\/02\/cropped-cropped-cropped-Santiago-Didacttia-768x460.png 768w, https:\/\/didacttia.cl\/wp-content\/uploads\/2025\/02\/cropped-cropped-cropped-Santiago-Didacttia-1536x921.png 1536w, https:\/\/didacttia.cl\/wp-content\/uploads\/2025\/02\/cropped-cropped-cropped-Santiago-Didacttia.png 2000w\" sizes=\"(max-width: 1024px) 100vw, 1024px\" \/><\/figure>\n","protected":false},"excerpt":{"rendered":"<p>En Didacttia, las personas mayores encuentran un espacio para fortalecer su cognici\u00f3n, elevar su autoestima y desarrollar su autoeficacia, elementos clave para una vida social activa y un bienestar emocional pleno. Nuestros programas de prevenci\u00f3n del deterioro cognitivo ofrecen t\u00e9cnicas &hellip; <a href=\"https:\/\/didacttia.cl\/index.php\/nosotros\/\">Continuar leyendo <span class=\"meta-nav\">&rarr;<\/span><\/a><\/p>\n","protected":false},"author":1,"featured_media":0,"parent":0,"menu_order":2,"comment_status":"closed","ping_status":"closed","template":"","meta":{"footnotes":""},"_links":{"self":[{"href":"https:\/\/didacttia.cl\/index.php\/wp-json\/wp\/v2\/pages\/28"}],"collection":[{"href":"https:\/\/didacttia.cl\/index.php\/wp-json\/wp\/v2\/pages"}],"about":[{"href":"https:\/\/didacttia.cl\/index.php\/wp-json\/wp\/v2\/types\/page"}],"author":[{"embeddable":true,"href":"https:\/\/didacttia.cl\/index.php\/wp-json\/wp\/v2\/users\/1"}],"replies":[{"embeddable":true,"href":"https:\/\/didacttia.cl\/index.php\/wp-json\/wp\/v2\/comments?post=28"}],"version-history":[{"count":136,"href":"https:\/\/didacttia.cl\/index.php\/wp-json\/wp\/v2\/pages\/28\/revisions"}],"predecessor-version":[{"id":1591,"href":"https:\/\/didacttia.cl\/index.php\/wp-json\/wp\/v2\/pages\/28\/revisions\/1591"}],"wp:attachment":[{"href":"https:\/\/didacttia.cl\/index.php\/wp-json\/wp\/v2\/media?parent=28"}],"curies":[{"name":"wp","href":"https:\/\/api.w.org\/{rel}","templated":true}]}}