{"id":94,"date":"2018-03-13T14:17:28","date_gmt":"2018-03-13T14:17:28","guid":{"rendered":"http:\/\/didacttia.cl\/?page_id=94"},"modified":"2025-02-04T19:00:11","modified_gmt":"2025-02-04T19:00:11","slug":"equipo","status":"publish","type":"page","link":"https:\/\/didacttia.cl\/index.php\/equipo\/","title":{"rendered":"Equipo"},"content":{"rendered":"<p><img loading=\"lazy\" decoding=\"async\" class=\"wp-image-1301  alignleft\" src=\"http:\/\/didacttia.cl\/wp-content\/uploads\/2025\/01\/Camila-River-240x300.jpg\" alt=\"\" width=\"330\" height=\"413\" srcset=\"https:\/\/didacttia.cl\/wp-content\/uploads\/2025\/01\/Camila-River-240x300.jpg 240w, https:\/\/didacttia.cl\/wp-content\/uploads\/2025\/01\/Camila-River-818x1024.jpg 818w, https:\/\/didacttia.cl\/wp-content\/uploads\/2025\/01\/Camila-River-768x961.jpg 768w, https:\/\/didacttia.cl\/wp-content\/uploads\/2025\/01\/Camila-River-1228x1536.jpg 1228w, https:\/\/didacttia.cl\/wp-content\/uploads\/2025\/01\/Camila-River-1637x2048.jpg 1637w, https:\/\/didacttia.cl\/wp-content\/uploads\/2025\/01\/Camila-River.jpg 1918w\" sizes=\"(max-width: 330px) 100vw, 330px\" \/>Camila Rivera, periodista licenciada en Ciencias de la Comunicaci\u00f3n de la Universidad Cat\u00f3lica del Norte, Diplomado en Demencias con Abordaje Gerontol\u00f3gico Multidimensional de la Pontificia Universidad Cat\u00f3lica de Chile y Mag\u00edster en Estudios Cognitivos de la Universidad de Chile, se ha desempe\u00f1ado en diversas \u00e1reas del periodismo, principalmente en aquellas abocadas al \u00e1rea social. En ellas ha podido empaparse de experiencias de valor para el desarrollo comunitario de ciudades del norte del pa\u00eds, en relaci\u00f3n a proyectos mineros de apoyo a sectores vulnerables. Ha realizado labores de voluntariado en diversas entidades como Hogar de Cristo, Hogar Don Oriones e iglesias de Santiago y Antofagasta, en contacto especial con personas mayores en situaci\u00f3n de calle. Actualmente trabaja en Didacttia, aportando con su experiencia y visi\u00f3n profesional en el \u00e1mbito de las investigaciones, estrategias y actividades que permitan mejorar la cognici\u00f3n y calidad de vida de las personas mayores.\u00a0<\/p>\n<p>\u00a0<\/p>\n<p>Documento Mag\u00edster U. de Chile:\u00a0<a href=\"https:\/\/repositorio.uchile.cl\/handle\/2250\/185320\">https:\/\/repositorio.uchile.cl\/handle\/2250\/185320<\/a><\/p>\n<p>\u00a0<\/p>\n<p><img loading=\"lazy\" decoding=\"async\" class=\" wp-image-97 alignleft\" src=\"http:\/\/didacttia.cl\/wp-content\/uploads\/2018\/03\/Walter-Joseph-1-2-238x300.jpeg\" alt=\"\" width=\"325\" height=\"409\" srcset=\"https:\/\/didacttia.cl\/wp-content\/uploads\/2018\/03\/Walter-Joseph-1-2-238x300.jpeg 238w, https:\/\/didacttia.cl\/wp-content\/uploads\/2018\/03\/Walter-Joseph-1-2.jpeg 692w\" sizes=\"(max-width: 325px) 100vw, 325px\" \/><\/p>\n<p>Walter Joseph, ingeniero civil estructural de la Universidad de Chile, diplomado en Gesti\u00f3n en Miner\u00eda de la Pontificia Universidad Cat\u00f3lica, M\u00e1ster en Dise\u00f1o Industrial de la Escuela de Dise\u00f1o de Barcelona y Universidad de Valencia, Espa\u00f1a, cuenta con una vasta experiencia comercial y liderazgo, desarrollados en diversas empresas entre las cuales se encuentran ENDESA, ESSO y TRAMTEC. En estas, se ha desempe\u00f1ado como ingeniero de proyectos, Gerente de Plantas y de Distribuci\u00f3n y como Gerente de Transportes para el Conosur. Luego, se ha desempe\u00f1ado en diversas empresas como gerente y consultor, asesorando entre otros temas en An\u00e1lisis de Riesgos, Auditor\u00edas de Seguridad Vial y Capacitaci\u00f3n en Transportes y Manejo defensivo <a href=\"http:\/\/www.tramtec.cl\">(www.tramtec.cl).<\/a> Actualmente se ha incorporado a nuestra empresa para aportar con sus conocimientos estrat\u00e9gicos, operativos y comerciales, con el objetivo de fortalecer nuestra visi\u00f3n y potenciar los proyectos en desarrollo. Adicionalmente, en Didacttia se desempe\u00f1a como Gerente de Estrategias Comerciales y de Dise\u00f1o de Productos.<\/p>\n\n\n<p><\/p>\n\n\n\n<p><\/p>\n\n\n\n<p><\/p>\n\n\n\n<p><\/p>\n\n\n\n<p><\/p>\n","protected":false},"excerpt":{"rendered":"<p>Camila Rivera, periodista licenciada en Ciencias de la Comunicaci\u00f3n de la Universidad Cat\u00f3lica del Norte, Diplomado en Demencias con Abordaje Gerontol\u00f3gico Multidimensional de la Pontificia Universidad Cat\u00f3lica de Chile y Mag\u00edster en Estudios Cognitivos de la Universidad de Chile, se &hellip; <a href=\"https:\/\/didacttia.cl\/index.php\/equipo\/\">Continuar leyendo <span class=\"meta-nav\">&rarr;<\/span><\/a><\/p>\n","protected":false},"author":1,"featured_media":0,"parent":0,"menu_order":3,"comment_status":"closed","ping_status":"closed","template":"","meta":{"footnotes":""},"_links":{"self":[{"href":"https:\/\/didacttia.cl\/index.php\/wp-json\/wp\/v2\/pages\/94"}],"collection":[{"href":"https:\/\/didacttia.cl\/index.php\/wp-json\/wp\/v2\/pages"}],"about":[{"href":"https:\/\/didacttia.cl\/index.php\/wp-json\/wp\/v2\/types\/page"}],"author":[{"embeddable":true,"href":"https:\/\/didacttia.cl\/index.php\/wp-json\/wp\/v2\/users\/1"}],"replies":[{"embeddable":true,"href":"https:\/\/didacttia.cl\/index.php\/wp-json\/wp\/v2\/comments?post=94"}],"version-history":[{"count":102,"href":"https:\/\/didacttia.cl\/index.php\/wp-json\/wp\/v2\/pages\/94\/revisions"}],"predecessor-version":[{"id":1304,"href":"https:\/\/didacttia.cl\/index.php\/wp-json\/wp\/v2\/pages\/94\/revisions\/1304"}],"wp:attachment":[{"href":"https:\/\/didacttia.cl\/index.php\/wp-json\/wp\/v2\/media?parent=94"}],"curies":[{"name":"wp","href":"https:\/\/api.w.org\/{rel}","templated":true}]}}