{"id":992,"date":"2023-09-20T18:48:06","date_gmt":"2023-09-20T18:48:06","guid":{"rendered":"https:\/\/didacttia.cl\/?page_id=992"},"modified":"2025-08-11T20:31:33","modified_gmt":"2025-08-11T20:31:33","slug":"amigurrumy","status":"publish","type":"page","link":"https:\/\/didacttia.cl\/index.php\/amigurrumy\/","title":{"rendered":"Taller de tejidos"},"content":{"rendered":"\n<p>Nuestro taller de amigurumis para personas mayores estimula la creatividad, la concentraci\u00f3n y la motricidad fina, al tiempo que fomenta la relajaci\u00f3n y el bienestar emocional. \u00a1Descubre el poder terap\u00e9utico del tejido y crea hermosos amigurumis que te llenar\u00e1n de alegr\u00eda!<\/p>\n\n\n\n<p><a href=\"https:\/\/www.instagram.com\/amigurrumy?igsh=cWI5aDNyYms1Ym1h&amp;utm_source=qr\">https:\/\/www.instagram.com\/amigurrumy?igsh=cWI5aDNyYms1Ym1h&amp;utm_source=qr<\/a><\/p>\n\n\n\n<figure class=\"wp-block-gallery has-nested-images columns-default is-cropped wp-block-gallery-1 is-layout-flex wp-block-gallery-is-layout-flex\">\n<figure class=\"wp-block-image size-large\"><img loading=\"lazy\" decoding=\"async\" width=\"1024\" height=\"1024\" data-id=\"1187\" src=\"https:\/\/didacttia.cl\/wp-content\/uploads\/2023\/09\/PhotoRoom_20230920_155811-1024x1024.jpg\" alt=\"\" class=\"wp-image-1187\" srcset=\"https:\/\/didacttia.cl\/wp-content\/uploads\/2023\/09\/PhotoRoom_20230920_155811-1024x1024.jpg 1024w, https:\/\/didacttia.cl\/wp-content\/uploads\/2023\/09\/PhotoRoom_20230920_155811-300x300.jpg 300w, https:\/\/didacttia.cl\/wp-content\/uploads\/2023\/09\/PhotoRoom_20230920_155811-150x150.jpg 150w, https:\/\/didacttia.cl\/wp-content\/uploads\/2023\/09\/PhotoRoom_20230920_155811-768x768.jpg 768w, https:\/\/didacttia.cl\/wp-content\/uploads\/2023\/09\/PhotoRoom_20230920_155811-1536x1536.jpg 1536w, https:\/\/didacttia.cl\/wp-content\/uploads\/2023\/09\/PhotoRoom_20230920_155811-500x500.jpg 500w, https:\/\/didacttia.cl\/wp-content\/uploads\/2023\/09\/PhotoRoom_20230920_155811.jpg 2048w\" sizes=\"(max-width: 1024px) 100vw, 1024px\" \/><\/figure>\n\n\n\n<figure class=\"wp-block-image size-large\"><img loading=\"lazy\" decoding=\"async\" width=\"1024\" height=\"1024\" data-id=\"1172\" src=\"https:\/\/didacttia.cl\/wp-content\/uploads\/2023\/09\/photo-output_4-1-1024x1024.jpg\" alt=\"\" class=\"wp-image-1172\" srcset=\"https:\/\/didacttia.cl\/wp-content\/uploads\/2023\/09\/photo-output_4-1-1024x1024.jpg 1024w, https:\/\/didacttia.cl\/wp-content\/uploads\/2023\/09\/photo-output_4-1-300x300.jpg 300w, https:\/\/didacttia.cl\/wp-content\/uploads\/2023\/09\/photo-output_4-1-150x150.jpg 150w, https:\/\/didacttia.cl\/wp-content\/uploads\/2023\/09\/photo-output_4-1-768x768.jpg 768w, https:\/\/didacttia.cl\/wp-content\/uploads\/2023\/09\/photo-output_4-1-1536x1536.jpg 1536w, https:\/\/didacttia.cl\/wp-content\/uploads\/2023\/09\/photo-output_4-1-2048x2048.jpg 2048w, https:\/\/didacttia.cl\/wp-content\/uploads\/2023\/09\/photo-output_4-1-500x500.jpg 500w\" sizes=\"(max-width: 1024px) 100vw, 1024px\" \/><figcaption class=\"wp-element-caption\">Denarios<\/figcaption><\/figure>\n\n\n\n<figure class=\"wp-block-image size-large\"><img loading=\"lazy\" decoding=\"async\" width=\"1024\" height=\"1024\" data-id=\"1158\" src=\"https:\/\/didacttia.cl\/wp-content\/uploads\/2023\/09\/photo-output_1-6-1-1024x1024.jpg\" alt=\"\" class=\"wp-image-1158\" srcset=\"https:\/\/didacttia.cl\/wp-content\/uploads\/2023\/09\/photo-output_1-6-1-1024x1024.jpg 1024w, https:\/\/didacttia.cl\/wp-content\/uploads\/2023\/09\/photo-output_1-6-1-300x300.jpg 300w, https:\/\/didacttia.cl\/wp-content\/uploads\/2023\/09\/photo-output_1-6-1-150x150.jpg 150w, https:\/\/didacttia.cl\/wp-content\/uploads\/2023\/09\/photo-output_1-6-1-768x768.jpg 768w, https:\/\/didacttia.cl\/wp-content\/uploads\/2023\/09\/photo-output_1-6-1-1536x1536.jpg 1536w, https:\/\/didacttia.cl\/wp-content\/uploads\/2023\/09\/photo-output_1-6-1-2048x2048.jpg 2048w, https:\/\/didacttia.cl\/wp-content\/uploads\/2023\/09\/photo-output_1-6-1-500x500.jpg 500w\" sizes=\"(max-width: 1024px) 100vw, 1024px\" \/><figcaption class=\"wp-element-caption\">Altar de Virgen<\/figcaption><\/figure>\n<\/figure>\n\n\n\n<figure class=\"wp-block-gallery has-nested-images columns-default is-cropped wp-block-gallery-2 is-layout-flex wp-block-gallery-is-layout-flex\">\n<figure class=\"wp-block-image size-large\"><img loading=\"lazy\" decoding=\"async\" width=\"886\" height=\"886\" data-id=\"1000\" src=\"https:\/\/didacttia.cl\/wp-content\/uploads\/2023\/09\/E3A5B5B6-C47A-4C77-909E-46C65E9C5C3D_1_105_c.jpeg\" alt=\"\" class=\"wp-image-1000\" srcset=\"https:\/\/didacttia.cl\/wp-content\/uploads\/2023\/09\/E3A5B5B6-C47A-4C77-909E-46C65E9C5C3D_1_105_c.jpeg 886w, https:\/\/didacttia.cl\/wp-content\/uploads\/2023\/09\/E3A5B5B6-C47A-4C77-909E-46C65E9C5C3D_1_105_c-300x300.jpeg 300w, https:\/\/didacttia.cl\/wp-content\/uploads\/2023\/09\/E3A5B5B6-C47A-4C77-909E-46C65E9C5C3D_1_105_c-150x150.jpeg 150w, https:\/\/didacttia.cl\/wp-content\/uploads\/2023\/09\/E3A5B5B6-C47A-4C77-909E-46C65E9C5C3D_1_105_c-768x768.jpeg 768w, https:\/\/didacttia.cl\/wp-content\/uploads\/2023\/09\/E3A5B5B6-C47A-4C77-909E-46C65E9C5C3D_1_105_c-500x500.jpeg 500w\" sizes=\"(max-width: 886px) 100vw, 886px\" \/><figcaption class=\"wp-element-caption\">Flor-mu\u00f1eca<\/figcaption><\/figure>\n\n\n\n<figure class=\"wp-block-image size-large\"><img loading=\"lazy\" decoding=\"async\" width=\"886\" height=\"886\" data-id=\"1001\" src=\"https:\/\/didacttia.cl\/wp-content\/uploads\/2023\/09\/DE752DF9-0012-4889-BD18-0E06B72796B8_1_105_c.jpeg\" alt=\"\" class=\"wp-image-1001\" srcset=\"https:\/\/didacttia.cl\/wp-content\/uploads\/2023\/09\/DE752DF9-0012-4889-BD18-0E06B72796B8_1_105_c.jpeg 886w, https:\/\/didacttia.cl\/wp-content\/uploads\/2023\/09\/DE752DF9-0012-4889-BD18-0E06B72796B8_1_105_c-300x300.jpeg 300w, https:\/\/didacttia.cl\/wp-content\/uploads\/2023\/09\/DE752DF9-0012-4889-BD18-0E06B72796B8_1_105_c-150x150.jpeg 150w, https:\/\/didacttia.cl\/wp-content\/uploads\/2023\/09\/DE752DF9-0012-4889-BD18-0E06B72796B8_1_105_c-768x768.jpeg 768w, https:\/\/didacttia.cl\/wp-content\/uploads\/2023\/09\/DE752DF9-0012-4889-BD18-0E06B72796B8_1_105_c-500x500.jpeg 500w\" sizes=\"(max-width: 886px) 100vw, 886px\" \/><figcaption class=\"wp-element-caption\">Flor-mu\u00f1eca<\/figcaption><\/figure>\n\n\n\n<figure class=\"wp-block-image size-large\"><img loading=\"lazy\" decoding=\"async\" width=\"1024\" height=\"768\" data-id=\"1049\" src=\"https:\/\/didacttia.cl\/wp-content\/uploads\/2023\/09\/e89d6b13-ecf0-454d-bd2e-7b0271611253-1024x768.jpg\" alt=\"\" class=\"wp-image-1049\" srcset=\"https:\/\/didacttia.cl\/wp-content\/uploads\/2023\/09\/e89d6b13-ecf0-454d-bd2e-7b0271611253-1024x768.jpg 1024w, https:\/\/didacttia.cl\/wp-content\/uploads\/2023\/09\/e89d6b13-ecf0-454d-bd2e-7b0271611253-300x225.jpg 300w, https:\/\/didacttia.cl\/wp-content\/uploads\/2023\/09\/e89d6b13-ecf0-454d-bd2e-7b0271611253-768x576.jpg 768w, https:\/\/didacttia.cl\/wp-content\/uploads\/2023\/09\/e89d6b13-ecf0-454d-bd2e-7b0271611253.jpg 1455w\" sizes=\"(max-width: 1024px) 100vw, 1024px\" \/><figcaption class=\"wp-element-caption\">Ni\u00f1a con perrito<\/figcaption><\/figure>\n<\/figure>\n\n\n\n<figure class=\"wp-block-gallery has-nested-images columns-default is-cropped wp-block-gallery-3 is-layout-flex wp-block-gallery-is-layout-flex\">\n<figure class=\"wp-block-image size-large\"><img loading=\"lazy\" decoding=\"async\" width=\"1024\" height=\"1024\" data-id=\"1186\" src=\"https:\/\/didacttia.cl\/wp-content\/uploads\/2023\/09\/photo-output-4-1024x1024.jpeg\" alt=\"\" class=\"wp-image-1186\" srcset=\"https:\/\/didacttia.cl\/wp-content\/uploads\/2023\/09\/photo-output-4-1024x1024.jpeg 1024w, https:\/\/didacttia.cl\/wp-content\/uploads\/2023\/09\/photo-output-4-300x300.jpeg 300w, https:\/\/didacttia.cl\/wp-content\/uploads\/2023\/09\/photo-output-4-150x150.jpeg 150w, https:\/\/didacttia.cl\/wp-content\/uploads\/2023\/09\/photo-output-4-768x768.jpeg 768w, https:\/\/didacttia.cl\/wp-content\/uploads\/2023\/09\/photo-output-4-1536x1536.jpeg 1536w, https:\/\/didacttia.cl\/wp-content\/uploads\/2023\/09\/photo-output-4-500x500.jpeg 500w, https:\/\/didacttia.cl\/wp-content\/uploads\/2023\/09\/photo-output-4.jpeg 2048w\" sizes=\"(max-width: 1024px) 100vw, 1024px\" \/><figcaption class=\"wp-element-caption\">Ratoncito motoquero<\/figcaption><\/figure>\n\n\n\n<figure class=\"wp-block-image size-large\"><img loading=\"lazy\" decoding=\"async\" width=\"1024\" height=\"1024\" data-id=\"1184\" src=\"https:\/\/didacttia.cl\/wp-content\/uploads\/2023\/09\/photo-output_1-3-1024x1024.jpeg\" alt=\"\" class=\"wp-image-1184\" srcset=\"https:\/\/didacttia.cl\/wp-content\/uploads\/2023\/09\/photo-output_1-3-1024x1024.jpeg 1024w, https:\/\/didacttia.cl\/wp-content\/uploads\/2023\/09\/photo-output_1-3-300x300.jpeg 300w, https:\/\/didacttia.cl\/wp-content\/uploads\/2023\/09\/photo-output_1-3-150x150.jpeg 150w, https:\/\/didacttia.cl\/wp-content\/uploads\/2023\/09\/photo-output_1-3-768x768.jpeg 768w, https:\/\/didacttia.cl\/wp-content\/uploads\/2023\/09\/photo-output_1-3-1536x1536.jpeg 1536w, https:\/\/didacttia.cl\/wp-content\/uploads\/2023\/09\/photo-output_1-3-500x500.jpeg 500w, https:\/\/didacttia.cl\/wp-content\/uploads\/2023\/09\/photo-output_1-3.jpeg 2048w\" sizes=\"(max-width: 1024px) 100vw, 1024px\" \/><figcaption class=\"wp-element-caption\">Pulpito de apego<\/figcaption><\/figure>\n\n\n\n<figure class=\"wp-block-image size-large\"><img loading=\"lazy\" decoding=\"async\" width=\"1024\" height=\"1024\" data-id=\"1177\" src=\"https:\/\/didacttia.cl\/wp-content\/uploads\/2023\/09\/photo-output-1-1-1024x1024.jpeg\" alt=\"\" class=\"wp-image-1177\" srcset=\"https:\/\/didacttia.cl\/wp-content\/uploads\/2023\/09\/photo-output-1-1-1024x1024.jpeg 1024w, https:\/\/didacttia.cl\/wp-content\/uploads\/2023\/09\/photo-output-1-1-300x300.jpeg 300w, https:\/\/didacttia.cl\/wp-content\/uploads\/2023\/09\/photo-output-1-1-150x150.jpeg 150w, https:\/\/didacttia.cl\/wp-content\/uploads\/2023\/09\/photo-output-1-1-768x768.jpeg 768w, https:\/\/didacttia.cl\/wp-content\/uploads\/2023\/09\/photo-output-1-1-1536x1536.jpeg 1536w, https:\/\/didacttia.cl\/wp-content\/uploads\/2023\/09\/photo-output-1-1-500x500.jpeg 500w, https:\/\/didacttia.cl\/wp-content\/uploads\/2023\/09\/photo-output-1-1.jpeg 2048w\" sizes=\"(max-width: 1024px) 100vw, 1024px\" \/><figcaption class=\"wp-element-caption\">Leoncito<\/figcaption><\/figure>\n<\/figure>\n\n\n\n<figure class=\"wp-block-gallery has-nested-images columns-default is-cropped wp-block-gallery-4 is-layout-flex wp-block-gallery-is-layout-flex\">\n<figure class=\"wp-block-image size-large\"><img loading=\"lazy\" decoding=\"async\" width=\"1024\" height=\"1024\" data-id=\"1149\" src=\"https:\/\/didacttia.cl\/wp-content\/uploads\/2023\/09\/photo-output_0-2-1-1024x1024.jpg\" alt=\"\" class=\"wp-image-1149\" srcset=\"https:\/\/didacttia.cl\/wp-content\/uploads\/2023\/09\/photo-output_0-2-1-1024x1024.jpg 1024w, https:\/\/didacttia.cl\/wp-content\/uploads\/2023\/09\/photo-output_0-2-1-300x300.jpg 300w, https:\/\/didacttia.cl\/wp-content\/uploads\/2023\/09\/photo-output_0-2-1-150x150.jpg 150w, https:\/\/didacttia.cl\/wp-content\/uploads\/2023\/09\/photo-output_0-2-1-768x768.jpg 768w, https:\/\/didacttia.cl\/wp-content\/uploads\/2023\/09\/photo-output_0-2-1-1536x1536.jpg 1536w, https:\/\/didacttia.cl\/wp-content\/uploads\/2023\/09\/photo-output_0-2-1-2048x2048.jpg 2048w, https:\/\/didacttia.cl\/wp-content\/uploads\/2023\/09\/photo-output_0-2-1-500x500.jpg 500w\" sizes=\"(max-width: 1024px) 100vw, 1024px\" \/><figcaption class=\"wp-element-caption\">Snoopy<\/figcaption><\/figure>\n\n\n\n<figure class=\"wp-block-image size-large\"><img loading=\"lazy\" decoding=\"async\" width=\"1024\" height=\"1024\" data-id=\"1156\" src=\"https:\/\/didacttia.cl\/wp-content\/uploads\/2023\/09\/photo-output_1-4-1-1024x1024.jpg\" alt=\"\" class=\"wp-image-1156\" srcset=\"https:\/\/didacttia.cl\/wp-content\/uploads\/2023\/09\/photo-output_1-4-1-1024x1024.jpg 1024w, https:\/\/didacttia.cl\/wp-content\/uploads\/2023\/09\/photo-output_1-4-1-300x300.jpg 300w, https:\/\/didacttia.cl\/wp-content\/uploads\/2023\/09\/photo-output_1-4-1-150x150.jpg 150w, https:\/\/didacttia.cl\/wp-content\/uploads\/2023\/09\/photo-output_1-4-1-768x768.jpg 768w, https:\/\/didacttia.cl\/wp-content\/uploads\/2023\/09\/photo-output_1-4-1-1536x1536.jpg 1536w, https:\/\/didacttia.cl\/wp-content\/uploads\/2023\/09\/photo-output_1-4-1-2048x2048.jpg 2048w, https:\/\/didacttia.cl\/wp-content\/uploads\/2023\/09\/photo-output_1-4-1-500x500.jpg 500w\" sizes=\"(max-width: 1024px) 100vw, 1024px\" \/><figcaption class=\"wp-element-caption\">Snoopy<\/figcaption><\/figure>\n\n\n\n<figure class=\"wp-block-image size-large\"><img loading=\"lazy\" decoding=\"async\" width=\"1024\" height=\"1024\" data-id=\"1162\" src=\"https:\/\/didacttia.cl\/wp-content\/uploads\/2023\/09\/photo-output_2-2-1-1024x1024.jpg\" alt=\"\" class=\"wp-image-1162\" srcset=\"https:\/\/didacttia.cl\/wp-content\/uploads\/2023\/09\/photo-output_2-2-1-1024x1024.jpg 1024w, https:\/\/didacttia.cl\/wp-content\/uploads\/2023\/09\/photo-output_2-2-1-300x300.jpg 300w, https:\/\/didacttia.cl\/wp-content\/uploads\/2023\/09\/photo-output_2-2-1-150x150.jpg 150w, https:\/\/didacttia.cl\/wp-content\/uploads\/2023\/09\/photo-output_2-2-1-768x768.jpg 768w, https:\/\/didacttia.cl\/wp-content\/uploads\/2023\/09\/photo-output_2-2-1-1536x1536.jpg 1536w, https:\/\/didacttia.cl\/wp-content\/uploads\/2023\/09\/photo-output_2-2-1-2048x2048.jpg 2048w, https:\/\/didacttia.cl\/wp-content\/uploads\/2023\/09\/photo-output_2-2-1-500x500.jpg 500w\" sizes=\"(max-width: 1024px) 100vw, 1024px\" \/><figcaption class=\"wp-element-caption\">SSnoopy<br><img decoding=\"async\" src=\"http:\/\/didacttia.cl\/wp-content\/uploads\/2023\/09\/photo-output_1-4-1-1024x1024.jpg\" alt=\"\">Snoopy<br><img decoding=\"async\" src=\"http:\/\/didacttia.cl\/wp-content\/uploads\/2023\/09\/photo-output_2-2-1-1024x1024.jpg\" alt=\"\"><br><img decoding=\"async\" src=\"http:\/\/didacttia.cl\/wp-content\/uploads\/2023\/09\/photo-output_3-4-1-1024x1024.jpg\" alt=\"\"><br><img decoding=\"async\" src=\"http:\/\/didacttia.cl\/wp-content\/uploads\/2023\/09\/IMG_9601-1-1017x1024.jpeg\" alt=\"\">Perrito de Pascua<br><img decoding=\"async\" src=\"http:\/\/didacttia.cl\/wp-content\/uploads\/2023\/09\/IMG_9773-1-1024x768.jpeg\" alt=\"\">Conejitas de Pascua con mochila huevito<\/figcaption><\/figure>\n\n\n\n<figure class=\"wp-block-image size-large\"><img loading=\"lazy\" decoding=\"async\" width=\"1024\" height=\"1024\" data-id=\"1167\" src=\"https:\/\/didacttia.cl\/wp-content\/uploads\/2023\/09\/photo-output_3-4-1-1024x1024.jpg\" alt=\"\" class=\"wp-image-1167\" srcset=\"https:\/\/didacttia.cl\/wp-content\/uploads\/2023\/09\/photo-output_3-4-1-1024x1024.jpg 1024w, https:\/\/didacttia.cl\/wp-content\/uploads\/2023\/09\/photo-output_3-4-1-300x300.jpg 300w, https:\/\/didacttia.cl\/wp-content\/uploads\/2023\/09\/photo-output_3-4-1-150x150.jpg 150w, https:\/\/didacttia.cl\/wp-content\/uploads\/2023\/09\/photo-output_3-4-1-768x768.jpg 768w, https:\/\/didacttia.cl\/wp-content\/uploads\/2023\/09\/photo-output_3-4-1-1536x1536.jpg 1536w, https:\/\/didacttia.cl\/wp-content\/uploads\/2023\/09\/photo-output_3-4-1-2048x2048.jpg 2048w, https:\/\/didacttia.cl\/wp-content\/uploads\/2023\/09\/photo-output_3-4-1-500x500.jpg 500w\" sizes=\"(max-width: 1024px) 100vw, 1024px\" \/><figcaption class=\"wp-element-caption\">Snoopy<\/figcaption><\/figure>\n\n\n\n<figure class=\"wp-block-image size-large\"><img loading=\"lazy\" decoding=\"async\" width=\"1017\" height=\"1024\" data-id=\"1143\" src=\"https:\/\/didacttia.cl\/wp-content\/uploads\/2023\/09\/IMG_9601-1-1017x1024.jpeg\" alt=\"\" class=\"wp-image-1143\" srcset=\"https:\/\/didacttia.cl\/wp-content\/uploads\/2023\/09\/IMG_9601-1-1017x1024.jpeg 1017w, https:\/\/didacttia.cl\/wp-content\/uploads\/2023\/09\/IMG_9601-1-298x300.jpeg 298w, https:\/\/didacttia.cl\/wp-content\/uploads\/2023\/09\/IMG_9601-1-150x150.jpeg 150w, https:\/\/didacttia.cl\/wp-content\/uploads\/2023\/09\/IMG_9601-1-768x774.jpeg 768w, https:\/\/didacttia.cl\/wp-content\/uploads\/2023\/09\/IMG_9601-1-1525x1536.jpeg 1525w, https:\/\/didacttia.cl\/wp-content\/uploads\/2023\/09\/IMG_9601-1-2033x2048.jpeg 2033w\" sizes=\"(max-width: 1017px) 100vw, 1017px\" \/><figcaption class=\"wp-element-caption\">Perrito de Pascua<\/figcaption><\/figure>\n\n\n\n<figure class=\"wp-block-image size-large\"><img loading=\"lazy\" decoding=\"async\" width=\"1024\" height=\"768\" data-id=\"1146\" src=\"https:\/\/didacttia.cl\/wp-content\/uploads\/2023\/09\/IMG_9773-1-1024x768.jpeg\" alt=\"\" class=\"wp-image-1146\" srcset=\"https:\/\/didacttia.cl\/wp-content\/uploads\/2023\/09\/IMG_9773-1-1024x768.jpeg 1024w, https:\/\/didacttia.cl\/wp-content\/uploads\/2023\/09\/IMG_9773-1-300x225.jpeg 300w, https:\/\/didacttia.cl\/wp-content\/uploads\/2023\/09\/IMG_9773-1-768x576.jpeg 768w, https:\/\/didacttia.cl\/wp-content\/uploads\/2023\/09\/IMG_9773-1-1536x1152.jpeg 1536w, https:\/\/didacttia.cl\/wp-content\/uploads\/2023\/09\/IMG_9773-1-2048x1536.jpeg 2048w\" sizes=\"(max-width: 1024px) 100vw, 1024px\" \/><figcaption class=\"wp-element-caption\">Conejitas de Pascua con mochila huevito<\/figcaption><\/figure>\n<\/figure>\n\n\n\n<figure class=\"wp-block-gallery has-nested-images columns-default is-cropped wp-block-gallery-5 is-layout-flex wp-block-gallery-is-layout-flex\">\n<figure class=\"wp-block-image size-large\"><img loading=\"lazy\" decoding=\"async\" width=\"1024\" height=\"1024\" data-id=\"1155\" src=\"https:\/\/didacttia.cl\/wp-content\/uploads\/2023\/09\/photo-output_1-3-1-1024x1024.jpg\" alt=\"\" class=\"wp-image-1155\" srcset=\"https:\/\/didacttia.cl\/wp-content\/uploads\/2023\/09\/photo-output_1-3-1-1024x1024.jpg 1024w, https:\/\/didacttia.cl\/wp-content\/uploads\/2023\/09\/photo-output_1-3-1-300x300.jpg 300w, https:\/\/didacttia.cl\/wp-content\/uploads\/2023\/09\/photo-output_1-3-1-150x150.jpg 150w, https:\/\/didacttia.cl\/wp-content\/uploads\/2023\/09\/photo-output_1-3-1-768x768.jpg 768w, https:\/\/didacttia.cl\/wp-content\/uploads\/2023\/09\/photo-output_1-3-1-1536x1536.jpg 1536w, https:\/\/didacttia.cl\/wp-content\/uploads\/2023\/09\/photo-output_1-3-1-2048x2048.jpg 2048w, https:\/\/didacttia.cl\/wp-content\/uploads\/2023\/09\/photo-output_1-3-1-500x500.jpg 500w\" sizes=\"(max-width: 1024px) 100vw, 1024px\" \/><figcaption class=\"wp-element-caption\">Conejitos-huevo<\/figcaption><\/figure>\n\n\n\n<figure class=\"wp-block-image size-large\"><img loading=\"lazy\" decoding=\"async\" width=\"1024\" height=\"765\" data-id=\"1135\" src=\"https:\/\/didacttia.cl\/wp-content\/uploads\/2023\/09\/f458188b-f81e-4a45-af3b-dc95ed26801b-1-1024x765.jpg\" alt=\"\" class=\"wp-image-1135\" srcset=\"https:\/\/didacttia.cl\/wp-content\/uploads\/2023\/09\/f458188b-f81e-4a45-af3b-dc95ed26801b-1-1024x765.jpg 1024w, https:\/\/didacttia.cl\/wp-content\/uploads\/2023\/09\/f458188b-f81e-4a45-af3b-dc95ed26801b-1-300x224.jpg 300w, https:\/\/didacttia.cl\/wp-content\/uploads\/2023\/09\/f458188b-f81e-4a45-af3b-dc95ed26801b-1-768x574.jpg 768w, https:\/\/didacttia.cl\/wp-content\/uploads\/2023\/09\/f458188b-f81e-4a45-af3b-dc95ed26801b-1.jpg 1280w\" sizes=\"(max-width: 1024px) 100vw, 1024px\" \/><figcaption class=\"wp-element-caption\">Perrito<\/figcaption><\/figure>\n\n\n\n<figure class=\"wp-block-image size-large\"><img loading=\"lazy\" decoding=\"async\" width=\"1024\" height=\"765\" data-id=\"1134\" src=\"https:\/\/didacttia.cl\/wp-content\/uploads\/2023\/09\/e96459f1-f37a-4fb4-8d31-33fcb815d1c9-1-1024x765.jpg\" alt=\"\" class=\"wp-image-1134\" srcset=\"https:\/\/didacttia.cl\/wp-content\/uploads\/2023\/09\/e96459f1-f37a-4fb4-8d31-33fcb815d1c9-1-1024x765.jpg 1024w, https:\/\/didacttia.cl\/wp-content\/uploads\/2023\/09\/e96459f1-f37a-4fb4-8d31-33fcb815d1c9-1-300x224.jpg 300w, https:\/\/didacttia.cl\/wp-content\/uploads\/2023\/09\/e96459f1-f37a-4fb4-8d31-33fcb815d1c9-1-768x574.jpg 768w, https:\/\/didacttia.cl\/wp-content\/uploads\/2023\/09\/e96459f1-f37a-4fb4-8d31-33fcb815d1c9-1.jpg 1280w\" sizes=\"(max-width: 1024px) 100vw, 1024px\" \/><figcaption class=\"wp-element-caption\">Princesa Leia<\/figcaption><\/figure>\n\n\n\n<figure class=\"wp-block-image size-large\"><img loading=\"lazy\" decoding=\"async\" width=\"1024\" height=\"1024\" data-id=\"1181\" src=\"https:\/\/didacttia.cl\/wp-content\/uploads\/2023\/09\/photo-output_0-2-1024x1024.jpeg\" alt=\"\" class=\"wp-image-1181\" srcset=\"https:\/\/didacttia.cl\/wp-content\/uploads\/2023\/09\/photo-output_0-2-1024x1024.jpeg 1024w, https:\/\/didacttia.cl\/wp-content\/uploads\/2023\/09\/photo-output_0-2-300x300.jpeg 300w, https:\/\/didacttia.cl\/wp-content\/uploads\/2023\/09\/photo-output_0-2-150x150.jpeg 150w, https:\/\/didacttia.cl\/wp-content\/uploads\/2023\/09\/photo-output_0-2-768x768.jpeg 768w, https:\/\/didacttia.cl\/wp-content\/uploads\/2023\/09\/photo-output_0-2-1536x1536.jpeg 1536w, https:\/\/didacttia.cl\/wp-content\/uploads\/2023\/09\/photo-output_0-2-500x500.jpeg 500w, https:\/\/didacttia.cl\/wp-content\/uploads\/2023\/09\/photo-output_0-2.jpeg 2048w\" sizes=\"(max-width: 1024px) 100vw, 1024px\" \/><figcaption class=\"wp-element-caption\">Pastor alem\u00e1n de pelo largo<\/figcaption><\/figure>\n\n\n\n<figure class=\"wp-block-image size-large\"><img loading=\"lazy\" decoding=\"async\" width=\"1024\" height=\"1024\" data-id=\"1164\" src=\"https:\/\/didacttia.cl\/wp-content\/uploads\/2023\/09\/photo-output_2-1-1024x1024.jpg\" alt=\"\" class=\"wp-image-1164\" srcset=\"https:\/\/didacttia.cl\/wp-content\/uploads\/2023\/09\/photo-output_2-1-1024x1024.jpg 1024w, https:\/\/didacttia.cl\/wp-content\/uploads\/2023\/09\/photo-output_2-1-300x300.jpg 300w, https:\/\/didacttia.cl\/wp-content\/uploads\/2023\/09\/photo-output_2-1-150x150.jpg 150w, https:\/\/didacttia.cl\/wp-content\/uploads\/2023\/09\/photo-output_2-1-768x768.jpg 768w, https:\/\/didacttia.cl\/wp-content\/uploads\/2023\/09\/photo-output_2-1-1536x1536.jpg 1536w, https:\/\/didacttia.cl\/wp-content\/uploads\/2023\/09\/photo-output_2-1-500x500.jpg 500w, https:\/\/didacttia.cl\/wp-content\/uploads\/2023\/09\/photo-output_2-1.jpg 2048w\" sizes=\"(max-width: 1024px) 100vw, 1024px\" \/><figcaption class=\"wp-element-caption\">Chanchito<\/figcaption><\/figure>\n\n\n\n<figure class=\"wp-block-image size-large\"><img loading=\"lazy\" decoding=\"async\" width=\"1024\" height=\"767\" data-id=\"1126\" src=\"https:\/\/didacttia.cl\/wp-content\/uploads\/2023\/09\/d713d4a4-1649-4220-a18c-b84e1f8f1dbc-1-1024x767.jpg\" alt=\"\" class=\"wp-image-1126\" srcset=\"https:\/\/didacttia.cl\/wp-content\/uploads\/2023\/09\/d713d4a4-1649-4220-a18c-b84e1f8f1dbc-1-1024x767.jpg 1024w, https:\/\/didacttia.cl\/wp-content\/uploads\/2023\/09\/d713d4a4-1649-4220-a18c-b84e1f8f1dbc-1-300x225.jpg 300w, https:\/\/didacttia.cl\/wp-content\/uploads\/2023\/09\/d713d4a4-1649-4220-a18c-b84e1f8f1dbc-1-768x575.jpg 768w, https:\/\/didacttia.cl\/wp-content\/uploads\/2023\/09\/d713d4a4-1649-4220-a18c-b84e1f8f1dbc-1.jpg 1453w\" sizes=\"(max-width: 1024px) 100vw, 1024px\" \/><figcaption class=\"wp-element-caption\">Calamar<\/figcaption><\/figure>\n<\/figure>\n\n\n\n<figure class=\"wp-block-gallery has-nested-images columns-default is-cropped wp-block-gallery-6 is-layout-flex wp-block-gallery-is-layout-flex\"><\/figure>\n","protected":false},"excerpt":{"rendered":"<p>Nuestro taller de amigurumis para personas mayores estimula la creatividad, la concentraci\u00f3n y la motricidad fina, al tiempo que fomenta la relajaci\u00f3n y el bienestar emocional. \u00a1Descubre el poder terap\u00e9utico del tejido y crea hermosos amigurumis que te llenar\u00e1n de &hellip; <a href=\"https:\/\/didacttia.cl\/index.php\/amigurrumy\/\">Continuar leyendo <span class=\"meta-nav\">&rarr;<\/span><\/a><\/p>\n","protected":false},"author":1,"featured_media":0,"parent":0,"menu_order":5,"comment_status":"closed","ping_status":"closed","template":"","meta":{"footnotes":""},"_links":{"self":[{"href":"https:\/\/didacttia.cl\/index.php\/wp-json\/wp\/v2\/pages\/992"}],"collection":[{"href":"https:\/\/didacttia.cl\/index.php\/wp-json\/wp\/v2\/pages"}],"about":[{"href":"https:\/\/didacttia.cl\/index.php\/wp-json\/wp\/v2\/types\/page"}],"author":[{"embeddable":true,"href":"https:\/\/didacttia.cl\/index.php\/wp-json\/wp\/v2\/users\/1"}],"replies":[{"embeddable":true,"href":"https:\/\/didacttia.cl\/index.php\/wp-json\/wp\/v2\/comments?post=992"}],"version-history":[{"count":24,"href":"https:\/\/didacttia.cl\/index.php\/wp-json\/wp\/v2\/pages\/992\/revisions"}],"predecessor-version":[{"id":1610,"href":"https:\/\/didacttia.cl\/index.php\/wp-json\/wp\/v2\/pages\/992\/revisions\/1610"}],"wp:attachment":[{"href":"https:\/\/didacttia.cl\/index.php\/wp-json\/wp\/v2\/media?parent=992"}],"curies":[{"name":"wp","href":"https:\/\/api.w.org\/{rel}","templated":true}]}}